{"id":99,"date":"2023-06-06T14:45:34","date_gmt":"2023-06-06T12:45:34","guid":{"rendered":"https:\/\/sivos-rpi-jean-tardieu.fr\/?page_id=99"},"modified":"2023-06-09T11:16:13","modified_gmt":"2023-06-09T09:16:13","slug":"mentions_legales","status":"publish","type":"page","link":"https:\/\/sivos-rpi-jean-tardieu.fr\/?page_id=99","title":{"rendered":""},"content":{"rendered":"\n<h1 class=\"wp-block-heading has-text-align-center\">Mentions l\u00e9gales<\/h1>\n\n\n\n<h3 class=\"wp-block-heading has-text-align-center\">Responsable de publication<\/h3>\n\n\n\n<p>SIVOS Jean Tardieu<\/p>\n\n\n\n<p>sivos rpi Jean Tardieu<\/p>\n\n\n\n<p>71460 Cortevaix<\/p>\n\n\n\n<p>T\u00e9l. : 03 85 50 71 39<\/p>\n\n\n\n<h3 class=\"wp-block-heading has-text-align-center\">H\u00e9bergement du site web<\/h3>\n\n\n\n<h2 class=\"wp-block-heading\"><span style=\"text-decoration: underline;\"><strong>OVH<\/strong><\/span><\/h2>\n\n\n\n<p>SAS au capital de 10 174 560 \u20ac<\/p>\n\n\n\n<p>RCS Lille M\u00e9tropole 424 761 419 00045<br>Code APE 2620Z<br>N\u00b0 TVA : FR 22 424 761 419<br>Si\u00e8ge social : 2 rue Kellermann &#8211; 59100 Roubaix &#8211; France<\/p>\n\n\n\n<p>Pr\u00e9sident : Michel Paulin<\/p>\n\n\n\n<p>OVH SAS est une filiale de la soci\u00e9t\u00e9 OVH Groupe SA, soci\u00e9t\u00e9 immatricul\u00e9e au RCS de Lille sous le num\u00e9ro 537 407 926 sise 2, rue Kellermann, 59100 Roubaix.<\/p>\n\n\n\n<h3 class=\"wp-block-heading has-text-align-center\">Donn\u00e9es personnelles<\/h3>\n\n\n\n<p>Vous pouvez visiter notre site internet librement sans avoir besoin de vous identifier. Cependant, nous pouvons vous demander des informations afin de pouvoir prendre contact sans les conserver.<\/p>\n","protected":false},"excerpt":{"rendered":"<p>Mentions l\u00e9gales Responsable de publication SIVOS Jean Tardieu sivos rpi Jean Tardieu 71460 Cortevaix T\u00e9l. : 03 85 50 71 39 H\u00e9bergement du site web OVH SAS au capital de 10 174 560 \u20ac RCS Lille M\u00e9tropole 424 761 419 00045Code APE 2620ZN\u00b0 TVA : FR 22 424 761 419Si\u00e8ge social : 2 rue Kellermann [&hellip;]<\/p>\n","protected":false},"author":1,"featured_media":0,"parent":0,"menu_order":0,"comment_status":"closed","ping_status":"closed","template":"","meta":{"footnotes":""},"class_list":["post-99","page","type-page","status-publish","hentry"],"_links":{"self":[{"href":"https:\/\/sivos-rpi-jean-tardieu.fr\/index.php?rest_route=\/wp\/v2\/pages\/99","targetHints":{"allow":["GET"]}}],"collection":[{"href":"https:\/\/sivos-rpi-jean-tardieu.fr\/index.php?rest_route=\/wp\/v2\/pages"}],"about":[{"href":"https:\/\/sivos-rpi-jean-tardieu.fr\/index.php?rest_route=\/wp\/v2\/types\/page"}],"author":[{"embeddable":true,"href":"https:\/\/sivos-rpi-jean-tardieu.fr\/index.php?rest_route=\/wp\/v2\/users\/1"}],"replies":[{"embeddable":true,"href":"https:\/\/sivos-rpi-jean-tardieu.fr\/index.php?rest_route=%2Fwp%2Fv2%2Fcomments&post=99"}],"version-history":[{"count":14,"href":"https:\/\/sivos-rpi-jean-tardieu.fr\/index.php?rest_route=\/wp\/v2\/pages\/99\/revisions"}],"predecessor-version":[{"id":241,"href":"https:\/\/sivos-rpi-jean-tardieu.fr\/index.php?rest_route=\/wp\/v2\/pages\/99\/revisions\/241"}],"wp:attachment":[{"href":"https:\/\/sivos-rpi-jean-tardieu.fr\/index.php?rest_route=%2Fwp%2Fv2%2Fmedia&parent=99"}],"curies":[{"name":"wp","href":"https:\/\/api.w.org\/{rel}","templated":true}]}}