{"id":114,"date":"2023-06-07T10:19:44","date_gmt":"2023-06-07T08:19:44","guid":{"rendered":"https:\/\/sivos-rpi-jean-tardieu.fr\/?page_id=114"},"modified":"2023-06-12T10:48:35","modified_gmt":"2023-06-12T08:48:35","slug":"114-2","status":"publish","type":"page","link":"https:\/\/sivos-rpi-jean-tardieu.fr\/?page_id=114","title":{"rendered":""},"content":{"rendered":"\n<div class=\"wp-block-group alignfull has-black-color has-text-color has-background has-link-color wp-elements-6b3a0129147b9727dd117795fd73071a is-layout-flow wp-block-group-is-layout-flow\" style=\"background-color:#d2cdc7\">\n<div class=\"wp-block-columns is-layout-flex wp-container-core-columns-is-layout-28f84493 wp-block-columns-is-layout-flex\">\n<div class=\"wp-block-column is-layout-flow wp-block-column-is-layout-flow\">\n<div class=\"wp-block-buttons is-content-justification-center is-layout-flex wp-container-core-buttons-is-layout-a89b3969 wp-block-buttons-is-layout-flex\">\n<div class=\"wp-block-button is-style-outline is-style-outline--1\"><a class=\"wp-block-button__link wp-element-button\" href=\"https:\/\/sivos-rpi-jean-tardieu.fr\/?page_id=110\">&lt;&lt; <strong>Bonnay<\/strong><\/a><\/div>\n<\/div>\n<\/div>\n\n\n\n<div class=\"wp-block-column is-layout-flow wp-block-column-is-layout-flow\">\n<div class=\"wp-block-buttons is-content-justification-center is-layout-flex wp-container-core-buttons-is-layout-a89b3969 wp-block-buttons-is-layout-flex\">\n<div class=\"wp-block-button is-style-outline is-style-outline--2\"><a class=\"wp-block-button__link wp-element-button\" href=\"https:\/\/sivos-rpi-jean-tardieu.fr\/?page_id=112\">Ameugny &gt;&gt;<\/a><\/div>\n<\/div>\n<\/div>\n<\/div>\n<\/div>\n\n\n\n<div class=\"wp-block-cover alignfull is-light has-parallax\" style=\"min-height:424px;aspect-ratio:unset;\"><span aria-hidden=\"true\" class=\"wp-block-cover__background has-background-dim-40 has-background-dim\" style=\"background-color:#000000\"><\/span><div role=\"img\" class=\"wp-block-cover__image-background wp-image-131 has-parallax\" style=\"background-position:50% 50%;background-image:url(https:\/\/sivos-rpi-jean-tardieu.fr\/wp-content\/uploads\/2023\/06\/Chisseyext1-scaled.jpg)\"><\/div><div class=\"wp-block-cover__inner-container is-layout-flow wp-block-cover-is-layout-flow\">\n<h2 class=\"wp-block-heading has-text-align-center alignwide has-white-color has-text-color\" style=\"font-size:clamp(27.894px, 1.743rem + ((1vw - 3.2px) * 1.257), 48px);line-height:1.2\">Chissey-l\u00e8s-M\u00e2con<\/h2>\n<\/div><\/div>\n\n\n\n<div class=\"wp-block-group alignfull has-black-color has-text-color has-background has-link-color wp-elements-6a18a1dbd9959df3b757c3a00bfe060d is-layout-flow wp-block-group-is-layout-flow\" style=\"background-color:#d2cdc7\">\n<h3 class=\"wp-block-heading has-text-align-center\">Pr\u00e9sentation<\/h3>\n\n\n\n<p>Bienvenue \u00e0 l&rsquo;\u00e9cole de Chissey-l\u00e8s-M\u00e2con, une \u00e9cole bienveillante et inclusive qui fait partie int\u00e9grante du SIVOS RPI Jean Tardieu. Notre \u00e9tablissement s&rsquo;engage \u00e0 offrir une \u00e9ducation de qualit\u00e9, en valorisant le potentiel unique de chaque enfant.<\/p>\n\n\n\n<p>Chez nous, nous croyons que chaque enfant a des talents et des aptitudes sp\u00e9cifiques. Notre \u00e9quipe d&rsquo;enseignants d\u00e9vou\u00e9s s&rsquo;efforce de cr\u00e9er un environnement d&rsquo;apprentissage stimulant et adapt\u00e9 \u00e0 chaque \u00e9l\u00e8ve, en favorisant des approches p\u00e9dagogiques diff\u00e9renci\u00e9es.<\/p>\n\n\n\n<p>Nous mettons l&rsquo;accent sur le d\u00e9veloppement global de nos \u00e9l\u00e8ves en encourageant l&rsquo;exploration, la cr\u00e9ativit\u00e9 et la collaboration. Notre programme scolaire \u00e9quilibr\u00e9 int\u00e8gre des activit\u00e9s sportives, artistiques et culturelles, qui nourrissent les passions et les int\u00e9r\u00eats individuels de chaque enfant.<\/p>\n\n\n\n<p>Nous valorisons l&rsquo;inclusion et le respect de la diversit\u00e9. Notre \u00e9cole est un lieu o\u00f9 tous les \u00e9l\u00e8ves se sentent accept\u00e9s et valoris\u00e9s, quelles que soient leurs diff\u00e9rences. Nous encourageons l&#8217;empathie, la compr\u00e9hension mutuelle et le soutien entre pairs.<\/p>\n\n\n\n<p>En tant que membre du SIVOS, nous b\u00e9n\u00e9ficions de ressources suppl\u00e9mentaires et de collaborations fructueuses avec d&rsquo;autres \u00e9coles. Cela nous permet d&rsquo;organiser des activit\u00e9s inter-\u00e9coles, des sorties p\u00e9dagogiques et des projets communs qui \u00e9largissent les horizons de nos \u00e9l\u00e8ves.<\/p>\n\n\n\n<h3 class=\"wp-block-heading alignwide has-text-align-center\" style=\"font-size:clamp(26.944px, 1.684rem + ((1vw - 3.2px) * 1.191), 46px);font-weight:400;line-height:1.1\">Le personnel<\/h3>\n\n\n\n<div class=\"wp-block-columns is-layout-flex wp-container-core-columns-is-layout-28f84493 wp-block-columns-is-layout-flex\">\n<div class=\"wp-block-column is-vertically-aligned-center is-layout-flow wp-block-column-is-layout-flow\" style=\"flex-basis:66.66%\">\n<p><span style=\"text-decoration: underline;\"><strong>Instituteur<\/strong>:<\/span> &#8211; M. LEPOUTRE Gr\u00e9gory<\/p>\n\n\n\n<p><span style=\"text-decoration: underline;\"><strong>Cantini\u00e8re:<\/strong><\/span> &#8211; Mme. DUMONCEAU<strong> <\/strong>Catherine<\/p>\n<\/div>\n\n\n\n<div class=\"wp-block-column is-layout-flow wp-block-column-is-layout-flow\" style=\"flex-basis:33.33%\">\n<figure class=\"wp-block-image size-full is-resized\"><img loading=\"lazy\" decoding=\"async\" src=\"https:\/\/sivos-rpi-jean-tardieu.fr\/wp-content\/uploads\/2023\/06\/instit2.jpg\" alt=\"\" class=\"wp-image-260\" width=\"204\" height=\"271\" srcset=\"https:\/\/sivos-rpi-jean-tardieu.fr\/wp-content\/uploads\/2023\/06\/instit2.jpg 480w, https:\/\/sivos-rpi-jean-tardieu.fr\/wp-content\/uploads\/2023\/06\/instit2-225x300.jpg 225w\" sizes=\"auto, (max-width: 204px) 100vw, 204px\" \/><\/figure>\n<\/div>\n<\/div>\n\n\n\n<h3 class=\"wp-block-heading has-text-align-center\">Contact<\/h3>\n\n\n\n<div class=\"wp-block-columns is-layout-flex wp-container-core-columns-is-layout-28f84493 wp-block-columns-is-layout-flex\">\n<div class=\"wp-block-column is-layout-flow wp-block-column-is-layout-flow\">\n<h5 class=\"wp-block-heading has-text-align-center\">Adresse<\/h5>\n\n\n\n<p class=\"has-text-align-center\">LE BOURG<br>&nbsp;71460 Chissey-l\u00e8s-M\u00e2con<\/p>\n<\/div>\n\n\n\n<div class=\"wp-block-column is-layout-flow wp-block-column-is-layout-flow\">\n<h5 class=\"wp-block-heading has-text-align-center\">Adresse mail<\/h5>\n\n\n\n<p class=\"has-text-align-center\">ec-el-chissey-les-macon-71@ac-dijon.fr<\/p>\n<\/div>\n<\/div>\n<\/div>\n\n\n\n<div class=\"wp-block-cover alignfull is-light has-parallax\" style=\"min-height:424px;aspect-ratio:unset;\"><span aria-hidden=\"true\" class=\"wp-block-cover__background has-background-dim-40 has-background-dim\" style=\"background-color:#000000\"><\/span><div role=\"img\" class=\"wp-block-cover__image-background wp-image-131 has-parallax\" style=\"background-position:50% 50%;background-image:url(https:\/\/sivos-rpi-jean-tardieu.fr\/wp-content\/uploads\/2023\/06\/Chisseyext1-scaled.jpg)\"><\/div><div class=\"wp-block-cover__inner-container is-layout-flow wp-block-cover-is-layout-flow\">\n<h2 class=\"wp-block-heading has-text-align-center alignwide has-white-color has-text-color\" style=\"font-size:clamp(27.894px, 1.743rem + ((1vw - 3.2px) * 1.257), 48px);line-height:1.2\"><\/h2>\n<\/div><\/div>\n","protected":false},"excerpt":{"rendered":"<p>Pr\u00e9sentation Bienvenue \u00e0 l&rsquo;\u00e9cole de Chissey-l\u00e8s-M\u00e2con, une \u00e9cole bienveillante et inclusive qui fait partie int\u00e9grante du SIVOS RPI Jean Tardieu. Notre \u00e9tablissement s&rsquo;engage \u00e0 offrir une \u00e9ducation de qualit\u00e9, en valorisant le potentiel unique de chaque enfant. Chez nous, nous croyons que chaque enfant a des talents et des aptitudes sp\u00e9cifiques. Notre \u00e9quipe d&rsquo;enseignants d\u00e9vou\u00e9s [&hellip;]<\/p>\n","protected":false},"author":1,"featured_media":0,"parent":0,"menu_order":0,"comment_status":"closed","ping_status":"closed","template":"","meta":{"footnotes":""},"class_list":["post-114","page","type-page","status-publish","hentry"],"_links":{"self":[{"href":"https:\/\/sivos-rpi-jean-tardieu.fr\/index.php?rest_route=\/wp\/v2\/pages\/114","targetHints":{"allow":["GET"]}}],"collection":[{"href":"https:\/\/sivos-rpi-jean-tardieu.fr\/index.php?rest_route=\/wp\/v2\/pages"}],"about":[{"href":"https:\/\/sivos-rpi-jean-tardieu.fr\/index.php?rest_route=\/wp\/v2\/types\/page"}],"author":[{"embeddable":true,"href":"https:\/\/sivos-rpi-jean-tardieu.fr\/index.php?rest_route=\/wp\/v2\/users\/1"}],"replies":[{"embeddable":true,"href":"https:\/\/sivos-rpi-jean-tardieu.fr\/index.php?rest_route=%2Fwp%2Fv2%2Fcomments&post=114"}],"version-history":[{"count":10,"href":"https:\/\/sivos-rpi-jean-tardieu.fr\/index.php?rest_route=\/wp\/v2\/pages\/114\/revisions"}],"predecessor-version":[{"id":270,"href":"https:\/\/sivos-rpi-jean-tardieu.fr\/index.php?rest_route=\/wp\/v2\/pages\/114\/revisions\/270"}],"wp:attachment":[{"href":"https:\/\/sivos-rpi-jean-tardieu.fr\/index.php?rest_route=%2Fwp%2Fv2%2Fmedia&parent=114"}],"curies":[{"name":"wp","href":"https:\/\/api.w.org\/{rel}","templated":true}]}}